{"id":59,"date":"2021-10-15T08:09:05","date_gmt":"2021-10-15T08:09:05","guid":{"rendered":"https:\/\/eixamplebarcelonaradio.com\/?page_id=59"},"modified":"2026-02-24T19:00:48","modified_gmt":"2026-02-24T18:00:48","slug":"inicio","status":"publish","type":"page","link":"https:\/\/eixamplebarcelonaradio.com\/","title":{"rendered":"Eixample Barcelona R\u00e0dio"},"content":{"rendered":"<div id=\"wppb-builder-container\" class=\"wppb-builder-container\">                <div  class=\"wppb-row-parent  wppb-row-1699882390614 \"  >\n\t\t\t\t\t\n\t\t\t\t\t\t\t\t\t\t\n\t\t\t\t\t\t\t\t\t\t\n\t\t\t\t\t<div class=\"wppb-container \">\n\t\t\t\t\t\t\t\t\t\t\t\t\t\n                        <div class=\"wppb-row\">\n\t\t\t\t\t\t\t                                    <div  class=\"wppb-column-parent wppb-column-parent-view wppb-col-1699882390613  \"  >\n                                        <div class=\"wppb-column\">\n\t\t\t\t\t\n\t\t\t\t\t\t\t\t\t\t\t\n                                            <div class=\"wppb-builder-addons\">\n\t\t\t\t\t\t\t\t\t\t\t\t<div class='wppb-builder-addon wppb-addon-1741023483567'  data-addon-id='1741023483567'><div class='wppb-addon'><div class=\"wppb-image-hover-addon wppb-image-hover-one wppb-image-hover-bottomleft\"><div class=\"wppb-image-hover-content\"><div class=\"wppb-image-hover-background image-hover-slideleft\"><div class=\"wppb-image-hover-bg\"><\/div><div class=\"wppb-image-hover-overlay\"><\/div><\/div><div class=\"wppb-image-hover-intro\"><a target=_self href=\"https:\/\/eixamplebarcelonaradio.com\/category\/entrevistes\/leixample-es-mou\/\"  class=\"wppb-btn-addons wppb-btn-image-hover\"><i class=\"fas fa-headphones\"><\/i> <span>Escoltar Programes<\/span><\/a><\/div><\/div><\/div><\/div><\/div>                                            <\/div>\n                                        <\/div>\n                                    <\/div>\n\t\t\t\t\t\t\t\t\t                        <\/div>\n\n                    <\/div>\n                <\/div>\n\t\t\t\t                <div  class=\"wppb-row-parent  wppb-row-1740762183287 \"  >\n\t\t\t\t\t\n\t\t\t\t\t\t\t\t\t\t\n\t\t\t\t\t\t\t\t\t\t\n\t\t\t\t\t<div class=\"wppb-container \">\n\t\t\t\t\t\t\t\t\t\t\t\t\t\n                        <div class=\"wppb-row\">\n\t\t\t\t\t\t\t                                    <div  class=\"wppb-column-parent wppb-column-parent-view wppb-col-1740762651379  \"  >\n                                        <div class=\"wppb-column\">\n\t\t\t\t\t\n\t\t\t\t\t\t\t\t\t\t\t\n                                            <div class=\"wppb-builder-addons\">\n\t\t\t\t\t\t\t\t\t\t\t\t<div class='wppb-builder-addon wppb-addon-1740764952084'  data-addon-id='1740764952084'><div class='wppb-addon'><div class=\"wppb-image-hover-addon wppb-image-hover-six wppb-image-hover-bottomleft\"><div class=\"wppb-image-hover-content\"><div class=\"wppb-image-hover-background image-hover-slideleft\"><div class=\"wppb-image-hover-bg\"><\/div><div class=\"wppb-image-hover-overlay\"><\/div><\/div><div class=\"wppb-image-hover-intro\"><h3 class=\"wppb-image-hover-title wppb-image-hover-title-1\"><a  href=\"\" >M\u00f3n Cultural<\/a><\/h3><div class=\"wppb-image-hover-intro-six\"><a target=_self href=\"https:\/\/eixamplebarcelonaradio.com\/category\/produit-per-ebr\/mon-cultural\/\"  class=\"wppb-btn-addons wppb-btn-image-hover\"><i class=\"fas fa-caret-right\"><\/i> <span>Escoltar Programes<\/span><\/a><\/div><\/div><\/div><\/div><\/div><\/div>                                            <\/div>\n                                        <\/div>\n                                    <\/div>\n\t\t\t\t\t\t\t\t\t                        <\/div>\n\n                    <\/div>\n                <\/div>\n\t\t\t\t                <div  class=\"wppb-row-parent  wppb-row-1758823396743 \"  >\n\t\t\t\t\t\n\t\t\t\t\t\t\t\t\t\t\n\t\t\t\t\t\t\t\t\t\t\n\t\t\t\t\t<div class=\"wppb-container \">\n\t\t\t\t\t\t\t\t\t\t\t\t\t\n                        <div class=\"wppb-row\">\n\t\t\t\t\t\t\t                                    <div  class=\"wppb-column-parent wppb-column-parent-view wppb-col-1758823396742  \"  >\n                                        <div class=\"wppb-column\">\n\t\t\t\t\t\n\t\t\t\t\t\t\t\t\t\t\t\n                                            <div class=\"wppb-builder-addons\">\n\t\t\t\t\t\t\t\t\t\t\t\t<div class='wppb-builder-addon wppb-addon-1758823410217'  data-addon-id='1758823410217'><div class='wppb-addon'><div class=\"wppb-image-hover-addon wppb-image-hover-one wppb-image-hover-bottomleft\"><div class=\"wppb-image-hover-content\"><div class=\"wppb-image-hover-background image-hover-slideleft\"><div class=\"wppb-image-hover-bg\"><\/div><div class=\"wppb-image-hover-overlay\"><\/div><\/div><div class=\"wppb-image-hover-intro\"><a target=_blank href=\"https:\/\/eixamplebarcelonaradio.com\/category\/esports\/eixample-esports-amb-jordi-gaya\/\"  class=\"wppb-btn-addons wppb-btn-image-hover\"><i class=\"fas fa-headphones\"><\/i> <span>Escoltar Programes<\/span><\/a><\/div><\/div><\/div><\/div><\/div>                                            <\/div>\n                                        <\/div>\n                                    <\/div>\n\t\t\t\t\t\t\t\t\t                        <\/div>\n\n                    <\/div>\n                <\/div>\n\t\t\t\t                <div  class=\"wppb-row-parent  wppb-row-1758899918118 \"  >\n\t\t\t\t\t\n\t\t\t\t\t\t\t\t\t\t\n\t\t\t\t\t\t\t\t\t\t\n\t\t\t\t\t<div class=\"wppb-container \">\n\t\t\t\t\t\t\t\t\t\t\t\t\t\n                        <div class=\"wppb-row\">\n\t\t\t\t\t\t\t                                    <div  class=\"wppb-column-parent wppb-column-parent-view wppb-col-1758899918117  \"  >\n                                        <div class=\"wppb-column\">\n\t\t\t\t\t\n\t\t\t\t\t\t\t\t\t\t\t\n                                            <div class=\"wppb-builder-addons\">\n\t\t\t\t\t\t\t\t\t\t\t\t<div class='wppb-builder-addon wppb-addon-1758899929902'  data-addon-id='1758899929902'><div class='wppb-addon'><div class=\"wppb-image-hover-addon wppb-image-hover-one wppb-image-hover-bottomleft\"><div class=\"wppb-image-hover-content\"><div class=\"wppb-image-hover-background image-hover-slideleft\"><div class=\"wppb-image-hover-bg\"><\/div><div class=\"wppb-image-hover-overlay\"><\/div><\/div><div class=\"wppb-image-hover-intro\"><h3 class=\"wppb-image-hover-title wppb-image-hover-title-1\"><a  href=\"https:\/\/eixamplebarcelonaradio.com\/category\/esports\/croniques-del-joan-fp-cule-penya-lavenc-esports\/\" >Cr\u00f2niques del Joan FP<\/a><\/h3><h4 class=\"wppb-image-hover-subtitle wppb-image-hover-subtitle-1\">cul\u00e9 \u2013 Penya L\u2019Aven\u00e7<\/h4><a target=_self href=\"https:\/\/eixamplebarcelonaradio.com\/category\/esports\/croniques-del-joan-fp-cule-penya-lavenc-esports\/\"  class=\"wppb-btn-addons wppb-btn-image-hover\"><i class=\"fas fa-book-open\"><\/i> <span>Cronica del Partit<\/span><\/a><\/div><\/div><\/div><\/div><\/div>                                            <\/div>\n                                        <\/div>\n                                    <\/div>\n\t\t\t\t\t\t\t\t\t                        <\/div>\n\n                    <\/div>\n                <\/div>\n\t\t\t\t                <div  class=\"wppb-row-parent  wppb-row-1770809944322 \"  >\n\t\t\t\t\t\n\t\t\t\t\t\t\t\t\t\t\n\t\t\t\t\t\t\t\t\t\t\n\t\t\t\t\t<div class=\"wppb-container \">\n\t\t\t\t\t\t\t\t\t\t\t\t\t\n                        <div class=\"wppb-row\">\n\t\t\t\t\t\t\t                                    <div  class=\"wppb-column-parent wppb-column-parent-view wppb-col-1770809944321  \"  >\n                                        <div class=\"wppb-column\">\n\t\t\t\t\t\n\t\t\t\t\t\t\t\t\t\t\t\n                                            <div class=\"wppb-builder-addons\">\n\t\t\t\t\t\t\t\t\t\t\t\t<div class='wppb-builder-addon wppb-addon-1770809963172'  data-addon-id='1770809963172'><div class='wppb-addon'><div class=\"wppb-image-hover-addon wppb-image-hover-one wppb-image-hover-bottomleft\"><div class=\"wppb-image-hover-content\"><div class=\"wppb-image-hover-background image-hover-slideleft\"><div class=\"wppb-image-hover-bg\"><\/div><div class=\"wppb-image-hover-overlay\"><\/div><\/div><div class=\"wppb-image-hover-intro\"><h3 class=\"wppb-image-hover-title wppb-image-hover-title-1\"><a  href=\"https:\/\/eixamplebarcelonaradio.com\/category\/programes\/banda-sonora-eixample\/\" >Banda Sonora<\/a><\/h3><h4 class=\"wppb-image-hover-subtitle wppb-image-hover-subtitle-1\">amb Agust\u00ed Martorell<\/h4><a target=_self href=\"https:\/\/eixamplebarcelonaradio.com\/category\/programes\/banda-sonora-eixample\/\"  class=\"wppb-btn-addons wppb-btn-image-hover\"><i class=\"fas fa-headphones\"><\/i> <span>Escoltar Programes<\/span><\/a><\/div><\/div><\/div><\/div><\/div>                                            <\/div>\n                                        <\/div>\n                                    <\/div>\n\t\t\t\t\t\t\t\t\t                        <\/div>\n\n                    <\/div>\n                <\/div>\n\t\t\t\t                <div  class=\"wppb-row-parent  wppb-row-1740765964948 \"  >\n\t\t\t\t\t\n\t\t\t\t\t\t\t\t\t\t\n\t\t\t\t\t\t\t\t\t\t\n\t\t\t\t\t<div class=\"wppb-container \">\n\t\t\t\t\t\t\t\t\t\t\t\t\t\n                        <div class=\"wppb-row\">\n\t\t\t\t\t\t\t                                    <div  class=\"wppb-column-parent wppb-column-parent-view wppb-col-1740765964947  \"  >\n                                        <div class=\"wppb-column\">\n\t\t\t\t\t\n\t\t\t\t\t\t\t\t\t\t\t\n                                            <div class=\"wppb-builder-addons\">\n\t\t\t\t\t\t\t\t\t\t\t\t<div class='wppb-builder-addon wppb-addon-1740765976486'  data-addon-id='1740765976486'><div class='wppb-addon'><div class=\"wppb-image-hover-addon wppb-image-hover-six wppb-image-hover-bottomleft\"><div class=\"wppb-image-hover-content\"><div class=\"wppb-image-hover-background image-hover-slideleft\"><div class=\"wppb-image-hover-bg\"><\/div><div class=\"wppb-image-hover-overlay\"><\/div><\/div><div class=\"wppb-image-hover-intro\"><div class=\"wppb-image-hover-intro-six\"><a target=_self href=\"https:\/\/eixamplebarcelonaradio.com\/category\/produit-per-ebr\/cinerama\/\"  class=\"wppb-btn-addons wppb-btn-image-hover\"><i class=\"fas fa-caret-right\"><\/i> <span>Escoltar Programes<\/span><\/a><\/div><\/div><\/div><\/div><\/div><\/div>                                            <\/div>\n                                        <\/div>\n                                    <\/div>\n\t\t\t\t\t\t\t\t\t                        <\/div>\n\n                    <\/div>\n                <\/div>\n\t\t\t\t                <div  class=\"wppb-row-parent  wppb-row-1699882390618 \"  >\n\t\t\t\t\t\n\t\t\t\t\t\t\t\t\t\t\n\t\t\t\t\t\t\t\t\t\t\n\t\t\t\t\t<div class=\"wppb-container \">\n\t\t\t\t\t\t\t\t\t\t\t\t\t\n                        <div class=\"wppb-row\">\n\t\t\t\t\t\t\t                                    <div  class=\"wppb-column-parent wppb-column-parent-view wppb-col-1699882390617  \"  >\n                                        <div class=\"wppb-column\">\n\t\t\t\t\t\n\t\t\t\t\t\t\t\t\t\t\t\n                                            <div class=\"wppb-builder-addons\">\n\t\t\t\t\t\t\t\t\t\t\t\t<div class='wppb-builder-addon wppb-addon-1699882643619'  data-addon-id='1699882643619'><div class='wppb-addon'><div class=\"wppb-image-hover-addon wppb-image-hover-one wppb-image-hover-bottomleft\"><div class=\"wppb-image-hover-content\"><div class=\"wppb-image-hover-background image-hover-slideleft\"><div class=\"wppb-image-hover-bg\"><\/div><div class=\"wppb-image-hover-overlay\"><\/div><\/div><div class=\"wppb-image-hover-intro\"><a target=_self href=\"https:\/\/eixamplebarcelonaradio.com\/category\/eix-musical-ebr\/\"  class=\"wppb-btn-addons wppb-btn-image-hover\"><i class=\"fas fa-headphones-alt\"><\/i> <span>Escoltar Programes<\/span><\/a><\/div><\/div><\/div><\/div><\/div>                                            <\/div>\n                                        <\/div>\n                                    <\/div>\n\t\t\t\t\t\t\t\t\t                        <\/div>\n\n                    <\/div>\n                <\/div>\n\t\t\t\t                <div  class=\"wppb-row-parent  wppb-row-1744730544785 \"  >\n\t\t\t\t\t\n\t\t\t\t\t\t\t\t\t\t\n\t\t\t\t\t\t\t\t\t\t\n\t\t\t\t\t<div class=\"wppb-container \">\n\t\t\t\t\t\t\t\t\t\t\t\t\t\n                        <div class=\"wppb-row\">\n\t\t\t\t\t\t\t                                    <div  class=\"wppb-column-parent wppb-column-parent-view wppb-col-1744730544784  \"  >\n                                        <div class=\"wppb-column\">\n\t\t\t\t\t\n\t\t\t\t\t\t\t\t\t\t\t\n                                            <div class=\"wppb-builder-addons\">\n\t\t\t\t\t\t\t\t\t\t\t\t<div class='wppb-builder-addon wppb-addon-1744730584726'  data-addon-id='1744730584726'><div class='wppb-addon'><div class=\"wppb-image-hover-addon wppb-image-hover-one wppb-image-hover-bottomleft\"><div class=\"wppb-image-hover-content\"><div class=\"wppb-image-hover-background image-hover-slideleft\"><div class=\"wppb-image-hover-bg\"><\/div><div class=\"wppb-image-hover-overlay\"><\/div><\/div><div class=\"wppb-image-hover-intro\"><h3 class=\"wppb-image-hover-title wppb-image-hover-title-1\">Mariliendres<\/h3><h4 class=\"wppb-image-hover-subtitle wppb-image-hover-subtitle-1\">\ud83c\udf99Podcast literario con mucha pluma y tinta.<\/h4><a target=_blank href=\"https:\/\/eixamplebarcelonaradio.com\/category\/produit-per-ebr\/mariliendres\/\"  class=\"wppb-btn-addons wppb-btn-image-hover\"><i class=\"fas fa-headphones\"><\/i> <span>Escoltar Programes<\/span><\/a><\/div><\/div><\/div><\/div><\/div>                                            <\/div>\n                                        <\/div>\n                                    <\/div>\n\t\t\t\t\t\t\t\t\t                        <\/div>\n\n                    <\/div>\n                <\/div>\n\t\t\t\t                <div  class=\"wppb-row-parent  wppb-row-1744736731791 \"  >\n\t\t\t\t\t\n\t\t\t\t\t\t\t\t\t\t\n\t\t\t\t\t\t\t\t\t\t\n\t\t\t\t\t<div class=\"wppb-container \">\n\t\t\t\t\t\t\t\t\t\t\t\t\t\n                        <div class=\"wppb-row\">\n\t\t\t\t\t\t\t                                    <div  class=\"wppb-column-parent wppb-column-parent-view wppb-col-1744736731790  \"  >\n                                        <div class=\"wppb-column\">\n\t\t\t\t\t\n\t\t\t\t\t\t\t\t\t\t\t\n                                            <div class=\"wppb-builder-addons\">\n\t\t\t\t\t\t\t\t\t\t\t\t<div class='wppb-builder-addon wppb-addon-1744736742660'  data-addon-id='1744736742660'><div class='wppb-addon'><div class=\"wppb-image-hover-addon wppb-image-hover-one wppb-image-hover-bottomleft\"><div class=\"wppb-image-hover-content\"><div class=\"wppb-image-hover-background image-hover-slideleft\"><div class=\"wppb-image-hover-bg\"><\/div><div class=\"wppb-image-hover-overlay\"><\/div><\/div><div class=\"wppb-image-hover-intro\"><a target=_blank href=\"https:\/\/eixamplebarcelonaradio.com\/category\/programes\/familia-monguer\/\"  class=\"wppb-btn-addons wppb-btn-image-hover\"><i class=\"fas fa-headphones\"><\/i> <span>Escoltar Programes<\/span><\/a><\/div><\/div><\/div><\/div><\/div>                                            <\/div>\n                                        <\/div>\n                                    <\/div>\n\t\t\t\t\t\t\t\t\t                        <\/div>\n\n                    <\/div>\n                <\/div>\n\t\t\t\t                <div  class=\"wppb-row-parent  wppb-row-1753809872549 \"  >\n\t\t\t\t\t\n\t\t\t\t\t\t\t\t\t\t\n\t\t\t\t\t\t\t\t\t\t\n\t\t\t\t\t<div class=\"wppb-container \">\n\t\t\t\t\t\t\t\t\t\t\t\t\t\n                        <div class=\"wppb-row\">\n\t\t\t\t\t\t\t                                    <div  class=\"wppb-column-parent wppb-column-parent-view wppb-col-1753809872548  \"  >\n                                        <div class=\"wppb-column\">\n\t\t\t\t\t\n\t\t\t\t\t\t\t\t\t\t\t\n                                            <div class=\"wppb-builder-addons\">\n\t\t\t\t\t\t\t\t\t\t\t\t<div class='wppb-builder-addon wppb-addon-1753809889186'  data-addon-id='1753809889186'><div class='wppb-addon'><div class=\"wppb-image-hover-addon wppb-image-hover-one wppb-image-hover-bottomleft\"><div class=\"wppb-image-hover-content\"><div class=\"wppb-image-hover-background image-hover-slideleft\"><div class=\"wppb-image-hover-bg\"><\/div><div class=\"wppb-image-hover-overlay\"><\/div><\/div><div class=\"wppb-image-hover-intro\"><a target=_self href=\"https:\/\/eixamplebarcelonaradio.com\/category\/produit-per-ebr\/cameo\/\"  class=\"wppb-btn-addons wppb-btn-image-hover\"><i class=\"fas fa-headphones\"><\/i> <span>Escoltar Programes<\/span><\/a><\/div><\/div><\/div><\/div><\/div>                                            <\/div>\n                                        <\/div>\n                                    <\/div>\n\t\t\t\t\t\t\t\t\t                        <\/div>\n\n                    <\/div>\n                <\/div>\n\t\t\t\t                <div  class=\"wppb-row-parent  wppb-row-1753204574339 \"  >\n\t\t\t\t\t\n\t\t\t\t\t\t\t\t\t\t\n\t\t\t\t\t\t\t\t\t\t\n\t\t\t\t\t<div class=\"wppb-container \">\n\t\t\t\t\t\t\t\t\t\t\t\t\t\n                        <div class=\"wppb-row\">\n\t\t\t\t\t\t\t                                    <div  class=\"wppb-column-parent wppb-column-parent-view wppb-col-1753204574338  \"  >\n                                        <div class=\"wppb-column\">\n\t\t\t\t\t\n\t\t\t\t\t\t\t\t\t\t\t\n                                            <div class=\"wppb-builder-addons\">\n\t\t\t\t\t\t\t\t\t\t\t\t<div class='wppb-builder-addon wppb-addon-1753204590144'  data-addon-id='1753204590144'><div class='wppb-addon'><div class=\"wppb-image-hover-addon wppb-image-hover-one wppb-image-hover-bottomleft\"><div class=\"wppb-image-hover-content\"><div class=\"wppb-image-hover-background image-hover-slideleft\"><div class=\"wppb-image-hover-bg\"><\/div><div class=\"wppb-image-hover-overlay\"><\/div><\/div><div class=\"wppb-image-hover-intro\"><h3 class=\"wppb-image-hover-title wppb-image-hover-title-1\">El 5\u00ba Fant\u00e1stico<\/h3><h4 class=\"wppb-image-hover-subtitle wppb-image-hover-subtitle-1\">Programa realizado por Alberto Jim\u00e9nez en Eixample Barcelona Radio dedicado al mundo del c\u00f3mic, el manga y la ciencia ficci\u00f3n.<\/h4><a target=_self href=\"https:\/\/eixamplebarcelonaradio.com\/category\/produit-per-ebr\/el-5o-fantastico\/\"  class=\"wppb-btn-addons wppb-btn-image-hover\"><i class=\"fas fa-headphones\"><\/i> <span>Escoltar Programes<\/span><\/a><\/div><\/div><\/div><\/div><\/div>                                            <\/div>\n                                        <\/div>\n                                    <\/div>\n\t\t\t\t\t\t\t\t\t                        <\/div>\n\n                    <\/div>\n                <\/div>\n\t\t\t\t<\/div>","protected":false},"excerpt":{"rendered":"<p>Escoltar Programes M\u00f3n Cultural Escoltar Programes Escoltar Programes Cr\u00f2niques del Joan FPcul\u00e9 \u2013 Penya L\u2019Aven\u00e7 Cronica del Partit Banda Sonoraamb [&hellip;]<\/p>\n","protected":false},"author":1,"featured_media":0,"parent":0,"menu_order":0,"comment_status":"closed","ping_status":"closed","template":"","meta":{"footnotes":""},"class_list":["post-59","page","type-page","status-publish","hentry"],"_links":{"self":[{"href":"https:\/\/eixamplebarcelonaradio.com\/wp-json\/wp\/v2\/pages\/59","targetHints":{"allow":["GET"]}}],"collection":[{"href":"https:\/\/eixamplebarcelonaradio.com\/wp-json\/wp\/v2\/pages"}],"about":[{"href":"https:\/\/eixamplebarcelonaradio.com\/wp-json\/wp\/v2\/types\/page"}],"author":[{"embeddable":true,"href":"https:\/\/eixamplebarcelonaradio.com\/wp-json\/wp\/v2\/users\/1"}],"replies":[{"embeddable":true,"href":"https:\/\/eixamplebarcelonaradio.com\/wp-json\/wp\/v2\/comments?post=59"}],"version-history":[{"count":13,"href":"https:\/\/eixamplebarcelonaradio.com\/wp-json\/wp\/v2\/pages\/59\/revisions"}],"predecessor-version":[{"id":6798,"href":"https:\/\/eixamplebarcelonaradio.com\/wp-json\/wp\/v2\/pages\/59\/revisions\/6798"}],"wp:attachment":[{"href":"https:\/\/eixamplebarcelonaradio.com\/wp-json\/wp\/v2\/media?parent=59"}],"curies":[{"name":"wp","href":"https:\/\/api.w.org\/{rel}","templated":true}]}}